{"id":1367,"date":"2022-08-09T10:19:58","date_gmt":"2022-08-09T10:19:58","guid":{"rendered":"https:\/\/corestfitness.com\/?page_id=1367"},"modified":"2022-09-26T08:32:47","modified_gmt":"2022-09-26T08:32:47","slug":"beach-training","status":"publish","type":"page","link":"https:\/\/corestfitness.com\/es\/actividades-y-servicios\/beach-training\/","title":{"rendered":"Beach Training"},"content":{"rendered":"\n<p>Beach Training, unas jornadas donde la playa es el escenario principal, el compa\u00f1erismo, la diversi\u00f3n y la pasi\u00f3n se respiran en el ambiente. Despu\u00e9s del intenso entrenamiento, contin\u00faan deleit\u00e1ndose con las propuestas gastron\u00f3micas saludables, frescas y divertidas del Breeza Beach Restaurant, esencial para recobrar energ\u00eda.<\/p>\n\n\n\n<p>Sin lugar a dudas una experiencia singular que cautiva, por la convivencia de diferentes espacios y tipos de entrenamientos.<\/p>\n\n\n\n<p>Si de disfrutar entrenando se trata, en eso somos expertos, si adem\u00e1s a\u00f1ades un entorno id\u00edlico frente al mar solo puedes estar hablando de Corest Fitness.<\/p>\n\n\n\n<p>El \u00fanico centro deportivo en Lanzarote que apuesta por la innovaci\u00f3n y hacer del entrenamiento una experiencia en s\u00ed misma.<\/p>\n\n\n\n<p>Comenzamos estirando mientras sientes la brisa del mar rozarte, una peque\u00f1a carrera da el pistoletazo salida al WOD en la playa.<\/p>\n\n\n\n<p>\u00bfQu\u00e9 seria de Lanzarote sin un ba\u00f1o en el mar? El atl\u00e1ntico nos rodea con sus aguas cristalinas, y estas forman parte de el&nbsp;entrenamiento&nbsp;que tenemos preparado para ti.<\/p>\n\n\n\n<p>Nuestra propuesta \u00fanica eleva la experiencia del bienestar, combinando entorno con una maquinaria de alta calidad dando paso a un entreno distinto, donde lo que prima es la diversi\u00f3n.<\/p>\n\n\n\n<p>Para reponer fuerzas termina esta maravillosa experiencia con las propuestas grastr\u00f3nomicas&nbsp;saludables&nbsp;que ofrecemos.<\/p>\n\n\n\n<p>No te conformes con un entrenamiento en un gimnasio, nosotros no somos eso, somos mucho m\u00e1s, un centro donde te cuidamos por dentro y por fuera. \u00a1Cont\u00e1ctanos y reserva tu plaza!<\/p>\n\n\n\n<h2 class=\"wp-block-heading\">Horarios de clases dirigidas de Beach Training<\/h2>\n\n\n\n<p>El \u00faltimo s\u00e1bado de cada mes. Para conocer el horario y la forma de acceder a nuestras clases de Beach Training, s\u00edguenos en nuestras redes sociales.<\/p>\n\n\n\n<p><\/p>\n","protected":false},"excerpt":{"rendered":"<p>Beach Training, unas jornadas donde la playa es el escenario principal, el compa\u00f1erismo, la diversi\u00f3n y la pasi\u00f3n se respiran en el ambiente. Despu\u00e9s del intenso entrenamiento, contin\u00faan deleit\u00e1ndose con las propuestas gastron\u00f3micas saludables, frescas y divertidas del Breeza Beach Restaurant, esencial para recobrar energ\u00eda. Sin lugar a dudas una experiencia singular que cautiva, por [&hellip;]<\/p>\n","protected":false},"author":1,"featured_media":4250,"parent":1090,"menu_order":0,"comment_status":"closed","ping_status":"closed","template":"","meta":{"_et_pb_use_builder":"off","_et_pb_old_content":"","_et_gb_content_width":"","footnotes":""},"_links":{"self":[{"href":"https:\/\/corestfitness.com\/es\/wp-json\/wp\/v2\/pages\/1367"}],"collection":[{"href":"https:\/\/corestfitness.com\/es\/wp-json\/wp\/v2\/pages"}],"about":[{"href":"https:\/\/corestfitness.com\/es\/wp-json\/wp\/v2\/types\/page"}],"author":[{"embeddable":true,"href":"https:\/\/corestfitness.com\/es\/wp-json\/wp\/v2\/users\/1"}],"replies":[{"embeddable":true,"href":"https:\/\/corestfitness.com\/es\/wp-json\/wp\/v2\/comments?post=1367"}],"version-history":[{"count":12,"href":"https:\/\/corestfitness.com\/es\/wp-json\/wp\/v2\/pages\/1367\/revisions"}],"predecessor-version":[{"id":4553,"href":"https:\/\/corestfitness.com\/es\/wp-json\/wp\/v2\/pages\/1367\/revisions\/4553"}],"up":[{"embeddable":true,"href":"https:\/\/corestfitness.com\/es\/wp-json\/wp\/v2\/pages\/1090"}],"wp:featuredmedia":[{"embeddable":true,"href":"https:\/\/corestfitness.com\/es\/wp-json\/wp\/v2\/media\/4250"}],"wp:attachment":[{"href":"https:\/\/corestfitness.com\/es\/wp-json\/wp\/v2\/media?parent=1367"}],"curies":[{"name":"wp","href":"https:\/\/api.w.org\/{rel}","templated":true}]}}