{"id":1370,"date":"2022-08-09T10:20:16","date_gmt":"2022-08-09T10:20:16","guid":{"rendered":"https:\/\/corestfitness.com\/?page_id=1370"},"modified":"2022-09-19T15:52:44","modified_gmt":"2022-09-19T15:52:44","slug":"energy-cycling","status":"publish","type":"page","link":"https:\/\/corestfitness.com\/es\/actividades-y-servicios\/energy-cycling\/","title":{"rendered":"Energy Cycling"},"content":{"rendered":"\n<p>Energy Cycling, una combinaci\u00f3n de maquinaria de \u00faltima tecnolog\u00eda, m\u00fasica al aire libre y atardeceres po\u00e9ticos. As\u00ed es esta actividad; intrigante y basada en la motivaci\u00f3n.<\/p>\n\n\n\n<p>Si eres amante de las sesiones al aire libre y pedalear al ritmo de la m\u00fasica, no te pierdas esta actividad, te har\u00e1 conectar con la emoci\u00f3n en un entorno id\u00edlico.<\/p>\n\n\n\n<p>\u00danase a nuestro gimnasio de Costa Teguise para probar una sesi\u00f3n de Energy Cycling y descubrir todas las ventajas de entrenarte al aire libre en los maravillosos alrededores de una de las playas m\u00e1s bonitas de Lanzarote.<\/p>\n\n\n\n<h2 class=\"wp-block-heading\">Horarios de clases dirigidas de Energy Cycling<\/h2>\n\n\n\n<p>Todos los lunes y mi\u00e9rcoles a las 17:00.<\/p>\n","protected":false},"excerpt":{"rendered":"<p>Energy Cycling, una combinaci\u00f3n de maquinaria de \u00faltima tecnolog\u00eda, m\u00fasica al aire libre y atardeceres po\u00e9ticos. As\u00ed es esta actividad; intrigante y basada en la motivaci\u00f3n. Si eres amante de las sesiones al aire libre y pedalear al ritmo de la m\u00fasica, no te pierdas esta actividad, te har\u00e1 conectar con la emoci\u00f3n en un [&hellip;]<\/p>\n","protected":false},"author":1,"featured_media":4258,"parent":1090,"menu_order":0,"comment_status":"closed","ping_status":"closed","template":"","meta":{"_et_pb_use_builder":"off","_et_pb_old_content":"","_et_gb_content_width":"","footnotes":""},"_links":{"self":[{"href":"https:\/\/corestfitness.com\/es\/wp-json\/wp\/v2\/pages\/1370"}],"collection":[{"href":"https:\/\/corestfitness.com\/es\/wp-json\/wp\/v2\/pages"}],"about":[{"href":"https:\/\/corestfitness.com\/es\/wp-json\/wp\/v2\/types\/page"}],"author":[{"embeddable":true,"href":"https:\/\/corestfitness.com\/es\/wp-json\/wp\/v2\/users\/1"}],"replies":[{"embeddable":true,"href":"https:\/\/corestfitness.com\/es\/wp-json\/wp\/v2\/comments?post=1370"}],"version-history":[{"count":4,"href":"https:\/\/corestfitness.com\/es\/wp-json\/wp\/v2\/pages\/1370\/revisions"}],"predecessor-version":[{"id":3348,"href":"https:\/\/corestfitness.com\/es\/wp-json\/wp\/v2\/pages\/1370\/revisions\/3348"}],"up":[{"embeddable":true,"href":"https:\/\/corestfitness.com\/es\/wp-json\/wp\/v2\/pages\/1090"}],"wp:featuredmedia":[{"embeddable":true,"href":"https:\/\/corestfitness.com\/es\/wp-json\/wp\/v2\/media\/4258"}],"wp:attachment":[{"href":"https:\/\/corestfitness.com\/es\/wp-json\/wp\/v2\/media?parent=1370"}],"curies":[{"name":"wp","href":"https:\/\/api.w.org\/{rel}","templated":true}]}}