{"id":1374,"date":"2022-08-09T10:20:35","date_gmt":"2022-08-09T10:20:35","guid":{"rendered":"https:\/\/corestfitness.com\/?page_id=1374"},"modified":"2022-09-19T15:53:11","modified_gmt":"2022-09-19T15:53:11","slug":"entrenamiento-personal","status":"publish","type":"page","link":"https:\/\/corestfitness.com\/es\/actividades-y-servicios\/entrenamiento-personal\/","title":{"rendered":"Entrenamiento Personal"},"content":{"rendered":"\n<p>El entrenamiento personal consiste en la planificaci\u00f3n personalizada de ejercicios deportivos dise\u00f1ados espec\u00edficamente para alcanzar tus objetivos. Sea cual sea: perder peso, tonificar los m\u00fasculos, aumentar la fuerza, la resistencia o la masa muscular, nuestro servicio de entrenamiento personal te ayudar\u00e1 a lograrlo en el menor tiempo posible y en la forma m\u00e1s saludable.<\/p>\n\n\n\n<p>En Corest Fitness Beach Studio contamos con uno de los mejores equipos de entrenadores personales de Lanzarote, altamente especializados y profesionales, para ofrecerte en todo momento el mejor servicio para tus necesidades.<\/p>\n\n\n\n<p>Tendr\u00e1s a tu disposici\u00f3n un gimnasio completo y perfectamente equipado, con m\u00e1quinas de vanguardia y un maravilloso espacio exterior para disfrutar, en cada una de tus sesiones de entrenamiento, del encantador panorama de Lanzarote.<\/p>\n\n\n\n<p>\u00bfQu\u00e9 esperas? \u00a1Ven a descubrir todos los servicios y actividades que ofrece nuestro gimnasio de Costa Teguise en Lanzarote!<\/p>\n","protected":false},"excerpt":{"rendered":"<p>El entrenamiento personal consiste en la planificaci\u00f3n personalizada de ejercicios deportivos dise\u00f1ados espec\u00edficamente para alcanzar tus objetivos. Sea cual sea: perder peso, tonificar los m\u00fasculos, aumentar la fuerza, la resistencia o la masa muscular, nuestro servicio de entrenamiento personal te ayudar\u00e1 a lograrlo en el menor tiempo posible y en la forma m\u00e1s saludable. En [&hellip;]<\/p>\n","protected":false},"author":1,"featured_media":4260,"parent":1090,"menu_order":0,"comment_status":"closed","ping_status":"closed","template":"","meta":{"_et_pb_use_builder":"off","_et_pb_old_content":"","_et_gb_content_width":"","footnotes":""},"_links":{"self":[{"href":"https:\/\/corestfitness.com\/es\/wp-json\/wp\/v2\/pages\/1374"}],"collection":[{"href":"https:\/\/corestfitness.com\/es\/wp-json\/wp\/v2\/pages"}],"about":[{"href":"https:\/\/corestfitness.com\/es\/wp-json\/wp\/v2\/types\/page"}],"author":[{"embeddable":true,"href":"https:\/\/corestfitness.com\/es\/wp-json\/wp\/v2\/users\/1"}],"replies":[{"embeddable":true,"href":"https:\/\/corestfitness.com\/es\/wp-json\/wp\/v2\/comments?post=1374"}],"version-history":[{"count":2,"href":"https:\/\/corestfitness.com\/es\/wp-json\/wp\/v2\/pages\/1374\/revisions"}],"predecessor-version":[{"id":2338,"href":"https:\/\/corestfitness.com\/es\/wp-json\/wp\/v2\/pages\/1374\/revisions\/2338"}],"up":[{"embeddable":true,"href":"https:\/\/corestfitness.com\/es\/wp-json\/wp\/v2\/pages\/1090"}],"wp:featuredmedia":[{"embeddable":true,"href":"https:\/\/corestfitness.com\/es\/wp-json\/wp\/v2\/media\/4260"}],"wp:attachment":[{"href":"https:\/\/corestfitness.com\/es\/wp-json\/wp\/v2\/media?parent=1374"}],"curies":[{"name":"wp","href":"https:\/\/api.w.org\/{rel}","templated":true}]}}