{"id":1378,"date":"2022-08-09T10:21:08","date_gmt":"2022-08-09T10:21:08","guid":{"rendered":"https:\/\/corestfitness.com\/?page_id=1378"},"modified":"2022-12-16T16:01:52","modified_gmt":"2022-12-16T16:01:52","slug":"bodyweight-training","status":"publish","type":"page","link":"https:\/\/corestfitness.com\/es\/actividades-y-servicios\/bodyweight-training\/","title":{"rendered":"Bodyweight Training"},"content":{"rendered":"\n<p>Bodyweight Training es un deporte que incluye ejercicios f\u00edsicos que requieren equilibrio, fuerza, flexibilidad f\u00edsica, agilidad y coordinaci\u00f3n. <\/p>\n\n\n\n<p>En Corest Fitness Beach Studio disponemos del equipamiento necesario y de un equipo especializado para apoyarte en tus sesiones de bodyweight training y prepararte para la pr\u00e1ctica de este fascinante deporte.<\/p>\n\n\n\n<p>Entrena y practica ejercicios con tu peso corporal en barra, anillas y suelo. Desarrollando el control de tu cuerpo.<\/p>\n","protected":false},"excerpt":{"rendered":"<p>Bodyweight Training es un deporte que incluye ejercicios f\u00edsicos que requieren equilibrio, fuerza, flexibilidad f\u00edsica, agilidad y coordinaci\u00f3n. En Corest Fitness Beach Studio disponemos del equipamiento necesario y de un equipo especializado para apoyarte en tus sesiones de bodyweight training y prepararte para la pr\u00e1ctica de este fascinante deporte. Entrena y practica ejercicios con tu [&hellip;]<\/p>\n","protected":false},"author":1,"featured_media":5377,"parent":1090,"menu_order":0,"comment_status":"closed","ping_status":"closed","template":"","meta":{"_et_pb_use_builder":"off","_et_pb_old_content":"<!-- wp:paragraph -->\n<p>Gymnastics es un deporte que incluye ejercicios f\u00edsicos que requieren equilibrio, fuerza, flexibilidad f\u00edsica, agilidad y coordinaci\u00f3n.<\/p>\n<!-- \/wp:paragraph -->\n\n<!-- wp:paragraph -->\n<p>En Corest Fitness Beach Studio disponemos del equipamiento necesario y de un equipo especializado para apoyarte en tus sesiones de gymnastics y prepararte para la pr\u00e1ctica de este fascinante deporte.<\/p>\n<!-- \/wp:paragraph -->\n\n<!-- wp:paragraph -->\n<p>Entrena y practica ejercicios con tu peso corporal en barra, anillas y suelo. Desarrollando el control de tu cuerpo.<\/p>\n<!-- \/wp:paragraph -->","_et_gb_content_width":"","footnotes":""},"_links":{"self":[{"href":"https:\/\/corestfitness.com\/es\/wp-json\/wp\/v2\/pages\/1378"}],"collection":[{"href":"https:\/\/corestfitness.com\/es\/wp-json\/wp\/v2\/pages"}],"about":[{"href":"https:\/\/corestfitness.com\/es\/wp-json\/wp\/v2\/types\/page"}],"author":[{"embeddable":true,"href":"https:\/\/corestfitness.com\/es\/wp-json\/wp\/v2\/users\/1"}],"replies":[{"embeddable":true,"href":"https:\/\/corestfitness.com\/es\/wp-json\/wp\/v2\/comments?post=1378"}],"version-history":[{"count":10,"href":"https:\/\/corestfitness.com\/es\/wp-json\/wp\/v2\/pages\/1378\/revisions"}],"predecessor-version":[{"id":5628,"href":"https:\/\/corestfitness.com\/es\/wp-json\/wp\/v2\/pages\/1378\/revisions\/5628"}],"up":[{"embeddable":true,"href":"https:\/\/corestfitness.com\/es\/wp-json\/wp\/v2\/pages\/1090"}],"wp:featuredmedia":[{"embeddable":true,"href":"https:\/\/corestfitness.com\/es\/wp-json\/wp\/v2\/media\/5377"}],"wp:attachment":[{"href":"https:\/\/corestfitness.com\/es\/wp-json\/wp\/v2\/media?parent=1378"}],"curies":[{"name":"wp","href":"https:\/\/api.w.org\/{rel}","templated":true}]}}