{"id":1382,"date":"2022-08-09T10:21:37","date_gmt":"2022-08-09T10:21:37","guid":{"rendered":"https:\/\/corestfitness.com\/?page_id=1382"},"modified":"2022-10-12T18:40:41","modified_gmt":"2022-10-12T18:40:41","slug":"body-strength","status":"publish","type":"page","link":"https:\/\/corestfitness.com\/es\/actividades-y-servicios\/body-strength\/","title":{"rendered":"Body Strength"},"content":{"rendered":"\n<p>El Body Strength es un entrenamiento que mejora tu fuerza, ejecutando levantamientos con diversas dificultades, asumiendo retos que pondr\u00e1n a prueba tus l\u00edmites. <\/p>\n\n\n\n<p>Desaf\u00eda tu sistema neuromuscular y aprende nuevas t\u00e9cnicas para mover cargas y sobre todo desarrolla tu hipertrofia.<\/p>\n\n\n\n<p>En nuestro gimnasio de Costa Teguise en Lanzarote encontrar\u00e1s todo el equipamiento necesario para practicar esta t\u00e9cnica de entrenamiento con total seguridad, seguido en todo momento por nuestro personal especializado que te ayudar\u00e1 a maximizar los resultados de tus sesiones de Body Strength.<\/p>\n\n\n\n<p>\u00bfQu\u00e9 est\u00e1s esperando? Ven a visitarnos para descubrir todas las ventajas de entrenarte en un centro \u00fanico, disfrutando de una maravillosa vista al mar y seguido por un equipo unido y profesional. Corest Fitness Beach Studio, \u00a1mucho m\u00e1s que un gimnasio!<\/p>\n","protected":false},"excerpt":{"rendered":"<p>El Body Strength es un entrenamiento que mejora tu fuerza, ejecutando levantamientos con diversas dificultades, asumiendo retos que pondr\u00e1n a prueba tus l\u00edmites. Desaf\u00eda tu sistema neuromuscular y aprende nuevas t\u00e9cnicas para mover cargas y sobre todo desarrolla tu hipertrofia. En nuestro gimnasio de Costa Teguise en Lanzarote encontrar\u00e1s todo el equipamiento necesario para practicar [&hellip;]<\/p>\n","protected":false},"author":1,"featured_media":5365,"parent":1090,"menu_order":0,"comment_status":"closed","ping_status":"closed","template":"","meta":{"_et_pb_use_builder":"off","_et_pb_old_content":"","_et_gb_content_width":"","footnotes":""},"_links":{"self":[{"href":"https:\/\/corestfitness.com\/es\/wp-json\/wp\/v2\/pages\/1382"}],"collection":[{"href":"https:\/\/corestfitness.com\/es\/wp-json\/wp\/v2\/pages"}],"about":[{"href":"https:\/\/corestfitness.com\/es\/wp-json\/wp\/v2\/types\/page"}],"author":[{"embeddable":true,"href":"https:\/\/corestfitness.com\/es\/wp-json\/wp\/v2\/users\/1"}],"replies":[{"embeddable":true,"href":"https:\/\/corestfitness.com\/es\/wp-json\/wp\/v2\/comments?post=1382"}],"version-history":[{"count":3,"href":"https:\/\/corestfitness.com\/es\/wp-json\/wp\/v2\/pages\/1382\/revisions"}],"predecessor-version":[{"id":2328,"href":"https:\/\/corestfitness.com\/es\/wp-json\/wp\/v2\/pages\/1382\/revisions\/2328"}],"up":[{"embeddable":true,"href":"https:\/\/corestfitness.com\/es\/wp-json\/wp\/v2\/pages\/1090"}],"wp:featuredmedia":[{"embeddable":true,"href":"https:\/\/corestfitness.com\/es\/wp-json\/wp\/v2\/media\/5365"}],"wp:attachment":[{"href":"https:\/\/corestfitness.com\/es\/wp-json\/wp\/v2\/media?parent=1382"}],"curies":[{"name":"wp","href":"https:\/\/api.w.org\/{rel}","templated":true}]}}