{"id":1384,"date":"2022-08-09T10:22:01","date_gmt":"2022-08-09T10:22:01","guid":{"rendered":"https:\/\/corestfitness.com\/?page_id=1384"},"modified":"2022-12-16T16:15:50","modified_gmt":"2022-12-16T16:15:50","slug":"open-box","status":"publish","type":"page","link":"https:\/\/corestfitness.com\/es\/actividades-y-servicios\/open-box\/","title":{"rendered":"Open Box"},"content":{"rendered":"\n<p>Aprovecha y entrena por libre en nuestras instalaciones Open Box, ya sea para practicar los movimientos o ejercicios que a\u00fan se te resisten, para recuperar alg\u00fan WOD que hayas perdido durante la semana o para seguir tu programaci\u00f3n de competidor.<\/p>\n\n\n\n<p>Nuestro gimnasio de Costa Teguise en Lanzarote est\u00e1 a tu disposici\u00f3n, cuando quieras, para entrenarte libremente disfrutando de nuestras instalaciones Open Box. \u00a1En Corest Fitness Beach Studio puedes hacer deporte cuando quieras, como quieras! \u00a1El ritmo lo marcas t\u00fa!<\/p>\n\n\n\n<p>Puedes practicar Open Box cada hora todos los d\u00edas, excepto mi\u00e9rcoles y jueves de 17:00 a 18:00<\/p>\n","protected":false},"excerpt":{"rendered":"<p>Aprovecha y entrena por libre en nuestras instalaciones Open Box, ya sea para practicar los movimientos o ejercicios que a\u00fan se te resisten, para recuperar alg\u00fan WOD que hayas perdido durante la semana o para seguir tu programaci\u00f3n de competidor. Nuestro gimnasio de Costa Teguise en Lanzarote est\u00e1 a tu disposici\u00f3n, cuando quieras, para entrenarte [&hellip;]<\/p>\n","protected":false},"author":1,"featured_media":5492,"parent":1090,"menu_order":0,"comment_status":"closed","ping_status":"closed","template":"","meta":{"_et_pb_use_builder":"off","_et_pb_old_content":"","_et_gb_content_width":"","footnotes":""},"_links":{"self":[{"href":"https:\/\/corestfitness.com\/es\/wp-json\/wp\/v2\/pages\/1384"}],"collection":[{"href":"https:\/\/corestfitness.com\/es\/wp-json\/wp\/v2\/pages"}],"about":[{"href":"https:\/\/corestfitness.com\/es\/wp-json\/wp\/v2\/types\/page"}],"author":[{"embeddable":true,"href":"https:\/\/corestfitness.com\/es\/wp-json\/wp\/v2\/users\/1"}],"replies":[{"embeddable":true,"href":"https:\/\/corestfitness.com\/es\/wp-json\/wp\/v2\/comments?post=1384"}],"version-history":[{"count":4,"href":"https:\/\/corestfitness.com\/es\/wp-json\/wp\/v2\/pages\/1384\/revisions"}],"predecessor-version":[{"id":5642,"href":"https:\/\/corestfitness.com\/es\/wp-json\/wp\/v2\/pages\/1384\/revisions\/5642"}],"up":[{"embeddable":true,"href":"https:\/\/corestfitness.com\/es\/wp-json\/wp\/v2\/pages\/1090"}],"wp:featuredmedia":[{"embeddable":true,"href":"https:\/\/corestfitness.com\/es\/wp-json\/wp\/v2\/media\/5492"}],"wp:attachment":[{"href":"https:\/\/corestfitness.com\/es\/wp-json\/wp\/v2\/media?parent=1384"}],"curies":[{"name":"wp","href":"https:\/\/api.w.org\/{rel}","templated":true}]}}