{"id":1386,"date":"2022-08-09T10:22:27","date_gmt":"2022-08-09T10:22:27","guid":{"rendered":"https:\/\/corestfitness.com\/?page_id=1386"},"modified":"2022-09-19T17:11:59","modified_gmt":"2022-09-19T17:11:59","slug":"pilates","status":"publish","type":"page","link":"https:\/\/corestfitness.com\/es\/actividades-y-servicios\/pilates\/","title":{"rendered":"Pilates"},"content":{"rendered":"\n<p>El pilates es un m\u00e9todo de ejercicio y movimiento f\u00edsico dise\u00f1ado para estirar, fortalecer y equilibrar el cuerpo, a trav\u00e9s de la combinaci\u00f3n de ejercicios posturales.<\/p>\n\n\n\n<p>Ven a descubrir todas las ventajas de practicar Pilates en Corest Fitness Beach Studio. Ser\u00e1s seguido por nuestro personal especializado que se encargar\u00e1 de ayudarte a corregir tus movimientos y obtener el mejor resultado posible. Y por si eso fuera poco, disfrutando de una maravillosa vista al mar, gracias a la excelente ubicaci\u00f3n de nuestro gimnasio, justo enfrente de la Playa de Las Cucharas de Costa Teguise.<\/p>\n\n\n\n<p>\u00bfQu\u00e9 esperas? \u00a1Contacta con nosotros, o ven a visitarnos, para comenzar tus clases de Pilates en el gimnasio m\u00e1s exclusivo de Lanzarote!<\/p>\n\n\n\n<h2 class=\"wp-block-heading\">Horarios de clases dirigidas de Pilates<\/h2>\n\n\n\n<p>Todos los lunes y mi\u00e9rcoles a las 18:00.<\/p>\n","protected":false},"excerpt":{"rendered":"<p>El pilates es un m\u00e9todo de ejercicio y movimiento f\u00edsico dise\u00f1ado para estirar, fortalecer y equilibrar el cuerpo, a trav\u00e9s de la combinaci\u00f3n de ejercicios posturales. Ven a descubrir todas las ventajas de practicar Pilates en Corest Fitness Beach Studio. Ser\u00e1s seguido por nuestro personal especializado que se encargar\u00e1 de ayudarte a corregir tus movimientos [&hellip;]<\/p>\n","protected":false},"author":1,"featured_media":4272,"parent":1090,"menu_order":0,"comment_status":"closed","ping_status":"closed","template":"","meta":{"_et_pb_use_builder":"off","_et_pb_old_content":"","_et_gb_content_width":"","footnotes":""},"_links":{"self":[{"href":"https:\/\/corestfitness.com\/es\/wp-json\/wp\/v2\/pages\/1386"}],"collection":[{"href":"https:\/\/corestfitness.com\/es\/wp-json\/wp\/v2\/pages"}],"about":[{"href":"https:\/\/corestfitness.com\/es\/wp-json\/wp\/v2\/types\/page"}],"author":[{"embeddable":true,"href":"https:\/\/corestfitness.com\/es\/wp-json\/wp\/v2\/users\/1"}],"replies":[{"embeddable":true,"href":"https:\/\/corestfitness.com\/es\/wp-json\/wp\/v2\/comments?post=1386"}],"version-history":[{"count":3,"href":"https:\/\/corestfitness.com\/es\/wp-json\/wp\/v2\/pages\/1386\/revisions"}],"predecessor-version":[{"id":3345,"href":"https:\/\/corestfitness.com\/es\/wp-json\/wp\/v2\/pages\/1386\/revisions\/3345"}],"up":[{"embeddable":true,"href":"https:\/\/corestfitness.com\/es\/wp-json\/wp\/v2\/pages\/1090"}],"wp:featuredmedia":[{"embeddable":true,"href":"https:\/\/corestfitness.com\/es\/wp-json\/wp\/v2\/media\/4272"}],"wp:attachment":[{"href":"https:\/\/corestfitness.com\/es\/wp-json\/wp\/v2\/media?parent=1386"}],"curies":[{"name":"wp","href":"https:\/\/api.w.org\/{rel}","templated":true}]}}