{"id":1388,"date":"2022-08-09T10:22:40","date_gmt":"2022-08-09T10:22:40","guid":{"rendered":"https:\/\/corestfitness.com\/?page_id=1388"},"modified":"2022-12-16T16:10:26","modified_gmt":"2022-12-16T16:10:26","slug":"corest-training","status":"publish","type":"page","link":"https:\/\/corestfitness.com\/es\/actividades-y-servicios\/corest-training\/","title":{"rendered":"Corest Training"},"content":{"rendered":"\n<p>Corest Training es el entrenamiento que realizamos cada d\u00eda, donde combinaremos una gran cantidad de ejercicios y disciplinas deportivas de entre las cuales seleccionamos t\u00e9cnicas y movimientos aplicables a la vida diaria. <\/p>\n\n\n\n<p>Lo que hacemos es combinar estas t\u00e9cnicas y movimientos de muchas formas diferentes en entrenamientos intensos, resultando un programa insuperable para desarrollar tus capacidades f\u00edsicas.<\/p>\n\n\n\n<p>Corest Fitness Beach Studio cuenta con un equipo profesional y unido, que puede seguirte paso a paso para lograr un WOD altamente eficaz. Corest Training es mucho m\u00e1s que una simple rutina deportiva, y muestra su efectividad tanto con deportistas profesionales como con personas que comienzan su propio recorrido deportivo.<\/p>\n\n\n\n<p>Una forma de entrenar intensa y con \u00f3ptimos resultados, que podr\u00e1s ejercitar en un ambiente moderno y bien equipado, disfrutando de un entorno \u00fanico y de una maravillosa vista al mar.<\/p>\n\n\n\n<p>Cont\u00e1ctenos o ven a visitarnos a nuestro gimnasio de Costa Teguise en Lanzarote, para disfrutar de WOD divertidos y mantener tu estado f\u00edsico con entrenamientos diarios de alto rendimiento.<\/p>\n\n\n\n<h2 class=\"wp-block-heading\">Horarios de clases dirigidas de Corest Training<\/h2>\n\n\n\n<p>Todos los d\u00edas, a todas las horas de 08:00 a 12:00 y de 16:00 a 20:00<\/p>\n","protected":false},"excerpt":{"rendered":"<p>Corest Training es el entrenamiento que realizamos cada d\u00eda, donde combinaremos una gran cantidad de ejercicios y disciplinas deportivas de entre las cuales seleccionamos t\u00e9cnicas y movimientos aplicables a la vida diaria. Lo que hacemos es combinar estas t\u00e9cnicas y movimientos de muchas formas diferentes en entrenamientos intensos, resultando un programa insuperable para desarrollar tus [&hellip;]<\/p>\n","protected":false},"author":1,"featured_media":4283,"parent":1090,"menu_order":0,"comment_status":"closed","ping_status":"closed","template":"","meta":{"_et_pb_use_builder":"off","_et_pb_old_content":"","_et_gb_content_width":"","footnotes":""},"_links":{"self":[{"href":"https:\/\/corestfitness.com\/es\/wp-json\/wp\/v2\/pages\/1388"}],"collection":[{"href":"https:\/\/corestfitness.com\/es\/wp-json\/wp\/v2\/pages"}],"about":[{"href":"https:\/\/corestfitness.com\/es\/wp-json\/wp\/v2\/types\/page"}],"author":[{"embeddable":true,"href":"https:\/\/corestfitness.com\/es\/wp-json\/wp\/v2\/users\/1"}],"replies":[{"embeddable":true,"href":"https:\/\/corestfitness.com\/es\/wp-json\/wp\/v2\/comments?post=1388"}],"version-history":[{"count":5,"href":"https:\/\/corestfitness.com\/es\/wp-json\/wp\/v2\/pages\/1388\/revisions"}],"predecessor-version":[{"id":5636,"href":"https:\/\/corestfitness.com\/es\/wp-json\/wp\/v2\/pages\/1388\/revisions\/5636"}],"up":[{"embeddable":true,"href":"https:\/\/corestfitness.com\/es\/wp-json\/wp\/v2\/pages\/1090"}],"wp:featuredmedia":[{"embeddable":true,"href":"https:\/\/corestfitness.com\/es\/wp-json\/wp\/v2\/media\/4283"}],"wp:attachment":[{"href":"https:\/\/corestfitness.com\/es\/wp-json\/wp\/v2\/media?parent=1388"}],"curies":[{"name":"wp","href":"https:\/\/api.w.org\/{rel}","templated":true}]}}