{"id":1392,"date":"2022-08-09T10:23:24","date_gmt":"2022-08-09T10:23:24","guid":{"rendered":"https:\/\/corestfitness.com\/?page_id=1392"},"modified":"2022-09-19T17:23:56","modified_gmt":"2022-09-19T17:23:56","slug":"asesoramiento-deportivo","status":"publish","type":"page","link":"https:\/\/corestfitness.com\/es\/actividades-y-servicios\/asesoramiento-deportivo\/","title":{"rendered":"Asesoramiento Deportivo"},"content":{"rendered":"\n<p>En Corest Fitness podr\u00e1s beneficiarte de nuestro servicio de Asesoramiento Deportivo, a tu disposici\u00f3n para garantizarte la mejor rutina deportiva personalizada y a medida de tus necesidades.<\/p>\n\n\n\n<p>Alcanza tus objetivos de forma r\u00e1pida y saludable, gracias a entrenamientos personalizados que incluir\u00e1n actividades al aire libre y en interior, como en sala de musculaci\u00f3n, piscina, playa o en el mar. <\/p>\n\n\n\n<p>\u00danete a nosotros en nuestro gimnasio en Costa Teguise en Lanzarote y nos encargaremos de desarrollar el mejor entrenamiento personal para tus necesidades. <\/p>\n\n\n\n<p>Nuestro servicio de asesoramiento deportivo incluye una valoraci\u00f3n inicial y un dise\u00f1o y realizaci\u00f3n personalizada del entrenamiento. Nuestro personal estar\u00e1 siempre a tu servicio durante tus entrenamientos deportivos para apoyarte y ayudarte a alcanzar tus objetivos.<\/p>\n","protected":false},"excerpt":{"rendered":"<p>En Corest Fitness podr\u00e1s beneficiarte de nuestro servicio de Asesoramiento Deportivo, a tu disposici\u00f3n para garantizarte la mejor rutina deportiva personalizada y a medida de tus necesidades. Alcanza tus objetivos de forma r\u00e1pida y saludable, gracias a entrenamientos personalizados que incluir\u00e1n actividades al aire libre y en interior, como en sala de musculaci\u00f3n, piscina, playa [&hellip;]<\/p>\n","protected":false},"author":1,"featured_media":4289,"parent":1090,"menu_order":0,"comment_status":"closed","ping_status":"closed","template":"","meta":{"_et_pb_use_builder":"off","_et_pb_old_content":"","_et_gb_content_width":"","footnotes":""},"_links":{"self":[{"href":"https:\/\/corestfitness.com\/es\/wp-json\/wp\/v2\/pages\/1392"}],"collection":[{"href":"https:\/\/corestfitness.com\/es\/wp-json\/wp\/v2\/pages"}],"about":[{"href":"https:\/\/corestfitness.com\/es\/wp-json\/wp\/v2\/types\/page"}],"author":[{"embeddable":true,"href":"https:\/\/corestfitness.com\/es\/wp-json\/wp\/v2\/users\/1"}],"replies":[{"embeddable":true,"href":"https:\/\/corestfitness.com\/es\/wp-json\/wp\/v2\/comments?post=1392"}],"version-history":[{"count":3,"href":"https:\/\/corestfitness.com\/es\/wp-json\/wp\/v2\/pages\/1392\/revisions"}],"predecessor-version":[{"id":2125,"href":"https:\/\/corestfitness.com\/es\/wp-json\/wp\/v2\/pages\/1392\/revisions\/2125"}],"up":[{"embeddable":true,"href":"https:\/\/corestfitness.com\/es\/wp-json\/wp\/v2\/pages\/1090"}],"wp:featuredmedia":[{"embeddable":true,"href":"https:\/\/corestfitness.com\/es\/wp-json\/wp\/v2\/media\/4289"}],"wp:attachment":[{"href":"https:\/\/corestfitness.com\/es\/wp-json\/wp\/v2\/media?parent=1392"}],"curies":[{"name":"wp","href":"https:\/\/api.w.org\/{rel}","templated":true}]}}