{"id":1393,"date":"2022-08-09T10:23:30","date_gmt":"2022-08-09T10:23:30","guid":{"rendered":"https:\/\/corestfitness.com\/?page_id=1393"},"modified":"2022-12-06T10:32:23","modified_gmt":"2022-12-06T10:32:23","slug":"asesoramiento-nutricional","status":"publish","type":"page","link":"https:\/\/corestfitness.com\/es\/actividades-y-servicios\/asesoramiento-nutricional\/","title":{"rendered":"Asesoramiento Nutricional"},"content":{"rendered":"\n<p>Para comprender la importancia del servicio de Asesoramiento Nutricional, es necesario familiarizarse con el concepto de que <strong>el bienestar no se logra s\u00f3lo haciendo deporte<\/strong>. El cuerpo humano es una m\u00e1quina compleja y para funcionar de la mejor manera, necesita el mejor combustible posible.<\/p>\n\n\n\n<p>Hay muchos factores que influyen en nuestros h\u00e1bitos alimenticios, como nuestra cultura, el tiempo que tenemos disponible para cocinar nuestros alimentos, el trabajo que hacemos, etc.<\/p>\n\n\n\n<p><strong>Mejorar el rendimiento deportivo<\/strong>, <strong>cambiar tu estilo de vida<\/strong>, <strong>perder peso<\/strong>.. sea cual sea tu objetivo, nuestro servicio de Asesoramiento Nutricional ser\u00e1 un valioso aliado para lograrlo.<\/p>\n\n\n\n<p>Mantener <strong>h\u00e1bitos saludables<\/strong> y una <strong>nutrici\u00f3n adecuada<\/strong> no solo te ayudar\u00e1 aalcanzar tus objetivos, sino que tambi\u00e9n mejorar\u00e1 tu salud y tu autoestima.<\/p>\n\n\n\n<h2 class=\"wp-block-heading\">Ventajas de acudir a un servicio de Asesoramiento Nutricional<\/h2>\n\n\n\n<p>Las ventajas de acudir a un servicio de Asesoramiento Nutricional son muchas. A continuaci\u00f3n te mostramos las m\u00e1s importantes:<\/p>\n\n\n\n<ul>\n<li><strong>Cuidar de tu propia salud<\/strong>.<\/li>\n\n\n\n<li><strong>Conocer el efecto nutricional de cada alimento<\/strong> para aprender a nutrir tu cuerpo de manera adecuada.<\/li>\n\n\n\n<li><strong>Aumentar la autoestima<\/strong>: quererte m\u00e1s y mejor.<\/li>\n\n\n\n<li>Aprender a <strong>distinguir entre hambre real y hambre compulsiva<\/strong>.<\/li>\n\n\n\n<li><strong>Tratar enfermedades relacionadas con la alimentaci\u00f3n<\/strong> y mejorar tu relaci\u00f3n con los alimentos.<\/li>\n<\/ul>\n\n\n\n<h2 class=\"wp-block-heading\">Asesoramiento nutricional.. \u00bfQu\u00e9 hacemos por ti?<\/h2>\n\n\n\n<p>Nuestro servicio de Asesoramiento Nutricional est\u00e1 especialmente pensado para ayudarte a <strong>conseguir el cambio f\u00edsico deseado<\/strong>, sea cual sea tu objetivo ya sea est\u00e9tico, por salud o para mejorar el rendimiento de tu disciplina deportiva. Te ayudaremos a&nbsp; mejorar tu composici\u00f3n corporal, educando la forma de llevar tu alimentaci\u00f3n, con un <strong>plan nutricional personalizado<\/strong>.<\/p>\n","protected":false},"excerpt":{"rendered":"<p>Para comprender la importancia del servicio de Asesoramiento Nutricional, es necesario familiarizarse con el concepto de que el bienestar no se logra s\u00f3lo haciendo deporte. El cuerpo humano es una m\u00e1quina compleja y para funcionar de la mejor manera, necesita el mejor combustible posible. Hay muchos factores que influyen en nuestros h\u00e1bitos alimenticios, como nuestra [&hellip;]<\/p>\n","protected":false},"author":1,"featured_media":5589,"parent":1090,"menu_order":0,"comment_status":"closed","ping_status":"closed","template":"","meta":{"_et_pb_use_builder":"off","_et_pb_old_content":"","_et_gb_content_width":"","footnotes":""},"_links":{"self":[{"href":"https:\/\/corestfitness.com\/es\/wp-json\/wp\/v2\/pages\/1393"}],"collection":[{"href":"https:\/\/corestfitness.com\/es\/wp-json\/wp\/v2\/pages"}],"about":[{"href":"https:\/\/corestfitness.com\/es\/wp-json\/wp\/v2\/types\/page"}],"author":[{"embeddable":true,"href":"https:\/\/corestfitness.com\/es\/wp-json\/wp\/v2\/users\/1"}],"replies":[{"embeddable":true,"href":"https:\/\/corestfitness.com\/es\/wp-json\/wp\/v2\/comments?post=1393"}],"version-history":[{"count":8,"href":"https:\/\/corestfitness.com\/es\/wp-json\/wp\/v2\/pages\/1393\/revisions"}],"predecessor-version":[{"id":5591,"href":"https:\/\/corestfitness.com\/es\/wp-json\/wp\/v2\/pages\/1393\/revisions\/5591"}],"up":[{"embeddable":true,"href":"https:\/\/corestfitness.com\/es\/wp-json\/wp\/v2\/pages\/1090"}],"wp:featuredmedia":[{"embeddable":true,"href":"https:\/\/corestfitness.com\/es\/wp-json\/wp\/v2\/media\/5589"}],"wp:attachment":[{"href":"https:\/\/corestfitness.com\/es\/wp-json\/wp\/v2\/media?parent=1393"}],"curies":[{"name":"wp","href":"https:\/\/api.w.org\/{rel}","templated":true}]}}