{"id":1394,"date":"2022-08-09T10:23:37","date_gmt":"2022-08-09T10:23:37","guid":{"rendered":"https:\/\/corestfitness.com\/?page_id=1394"},"modified":"2022-09-19T17:24:35","modified_gmt":"2022-09-19T17:24:35","slug":"fisioterapia-y-rehabilitacion","status":"publish","type":"page","link":"https:\/\/corestfitness.com\/es\/actividades-y-servicios\/fisioterapia-y-rehabilitacion\/","title":{"rendered":"Fisioterapia y Rehabilitaci\u00f3n"},"content":{"rendered":"\n<p>El servicio de fisioterapia &amp; rehabilitaci\u00f3n se basa en una valoraci\u00f3n f\u00edsica y funcional que, seg\u00fan el caso, incorpora una valoraci\u00f3n ecogr\u00e1fica si procede, para una correlaci\u00f3n cl\u00ednica y exploraci\u00f3n detallada.<\/p>\n\n\n\n<p>Tras la misma, dise\u00f1amos un programa de tratamiento individualizado en un box equipado con tecnolog\u00eda y material innovador, pero sobre todo a trav\u00e9s de un diagn\u00f3stico profesional de nuestro equipo de profesionales.<\/p>\n\n\n\n<ul><li><strong>Fisioterapia invasiva<\/strong>, ecoguiada para mayor seguridad y certeza del tejido Diana y patolog\u00eda a tratar. EPM, punci\u00f3n seca, neuromodulaci\u00f3n, entre otros m\u00e9todos.<\/li><li><strong>Electroterapia<\/strong>: Ultrasonidos, l\u00e1ser, TENS, EMS.<\/li><li><strong>Terapia Manual<\/strong>: miofascial, masoterapia, estiramientos asistidos, etc.<\/li><\/ul>\n\n\n\n<p>Tras el tratamiento, el equipo de Corest Fitness Beach Studio estar\u00e1 a tu servicio para ayudarte a continuar tus actividades seg\u00fan las recomendaciones del fisioterapeuta, adapt\u00e1ndose a la patolog\u00eda presentada inicialmente, cuyo objetivo principal no es otro que mejorar la calidad de vida a trav\u00e9s del movimiento.<\/p>\n","protected":false},"excerpt":{"rendered":"<p>El servicio de fisioterapia &amp; rehabilitaci\u00f3n se basa en una valoraci\u00f3n f\u00edsica y funcional que, seg\u00fan el caso, incorpora una valoraci\u00f3n ecogr\u00e1fica si procede, para una correlaci\u00f3n cl\u00ednica y exploraci\u00f3n detallada. Tras la misma, dise\u00f1amos un programa de tratamiento individualizado en un box equipado con tecnolog\u00eda y material innovador, pero sobre todo a trav\u00e9s de [&hellip;]<\/p>\n","protected":false},"author":1,"featured_media":4295,"parent":1090,"menu_order":0,"comment_status":"closed","ping_status":"closed","template":"","meta":{"_et_pb_use_builder":"off","_et_pb_old_content":"","_et_gb_content_width":"","footnotes":""},"_links":{"self":[{"href":"https:\/\/corestfitness.com\/es\/wp-json\/wp\/v2\/pages\/1394"}],"collection":[{"href":"https:\/\/corestfitness.com\/es\/wp-json\/wp\/v2\/pages"}],"about":[{"href":"https:\/\/corestfitness.com\/es\/wp-json\/wp\/v2\/types\/page"}],"author":[{"embeddable":true,"href":"https:\/\/corestfitness.com\/es\/wp-json\/wp\/v2\/users\/1"}],"replies":[{"embeddable":true,"href":"https:\/\/corestfitness.com\/es\/wp-json\/wp\/v2\/comments?post=1394"}],"version-history":[{"count":3,"href":"https:\/\/corestfitness.com\/es\/wp-json\/wp\/v2\/pages\/1394\/revisions"}],"predecessor-version":[{"id":2341,"href":"https:\/\/corestfitness.com\/es\/wp-json\/wp\/v2\/pages\/1394\/revisions\/2341"}],"up":[{"embeddable":true,"href":"https:\/\/corestfitness.com\/es\/wp-json\/wp\/v2\/pages\/1090"}],"wp:featuredmedia":[{"embeddable":true,"href":"https:\/\/corestfitness.com\/es\/wp-json\/wp\/v2\/media\/4295"}],"wp:attachment":[{"href":"https:\/\/corestfitness.com\/es\/wp-json\/wp\/v2\/media?parent=1394"}],"curies":[{"name":"wp","href":"https:\/\/api.w.org\/{rel}","templated":true}]}}