{"id":163,"date":"2022-07-30T11:53:04","date_gmt":"2022-07-30T11:53:04","guid":{"rendered":"https:\/\/corestfitness.com\/?page_id=163"},"modified":"2024-04-25T12:24:35","modified_gmt":"2024-04-25T12:24:35","slug":"quienes-somos","status":"publish","type":"page","link":"https:\/\/corestfitness.com\/es\/quienes-somos\/","title":{"rendered":"Qui\u00e9nes somos"},"content":{"rendered":"<p>[et_pb_section fb_built=\u00bb1&#8243; fullwidth=\u00bbon\u00bb _builder_version=\u00bb4.17.6&#8243; _module_preset=\u00bbdefault\u00bb locked=\u00bboff\u00bb global_colors_info=\u00bb{}\u00bb][et_pb_fullwidth_header title=\u00bbQuienes somos\u00bb _builder_version=\u00bb4.19.2&#8243; _module_preset=\u00bb52f7c1e4-707a-4a8c-a300-b9f1548006a7&#8243; title_font=\u00bbBely italic bold||||||||\u00bb title_text_color=\u00bb#FFFFFF\u00bb title_font_size=\u00bb65px\u00bb background_image=\u00bbhttps:\/\/corestfitness.com\/media\/quienes-somos-1.jpg\u00bb title_font_size_tablet=\u00bb65px\u00bb title_font_size_phone=\u00bb45px\u00bb title_font_size_last_edited=\u00bbon|desktop\u00bb global_colors_info=\u00bb{}\u00bb][\/et_pb_fullwidth_header][\/et_pb_section][et_pb_section fb_built=\u00bb1&#8243; disabled_on=\u00bboff|off|off\u00bb _builder_version=\u00bb4.18.0&#8243; _module_preset=\u00bbdefault\u00bb background_color=\u00bb#F0E3CA\u00bb global_colors_info=\u00bb{}\u00bb][et_pb_row _builder_version=\u00bb4.18.0&#8243; _module_preset=\u00bbdefault\u00bb global_colors_info=\u00bb{}\u00bb][et_pb_column type=\u00bb4_4&#8243; _builder_version=\u00bb4.18.0&#8243; _module_preset=\u00bbdefault\u00bb global_colors_info=\u00bb{}\u00bb][et_pb_text admin_label=\u00bbDescription\u00bb _builder_version=\u00bb4.18.0&#8243; _module_preset=\u00bbdefault\u00bb text_font_size=\u00bb18px\u00bb custom_padding=\u00bb||20px||false|false\u00bb global_colors_info=\u00bb{}\u00bb]<\/p>\n<p>Gracias al gran equipo que forma Corest Fitness todos los servicios que ofrecemos constan de una base s\u00f3lida y profesional, apoyada en una larga experiencia. Nuestro equipo de expertos en <span>entrenamiento y tecnificaci\u00f3n, <\/span>nutrici\u00f3n, <span>fisioterapia y servicios m\u00e9dicos,<\/span> altamente preparados, estar\u00e1 a tu lado en cada paso del camino hacia tu objetivo, ayud\u00e1ndote a conseguirlo de la mejor manera.<\/p>\n<p>[\/et_pb_text][\/et_pb_column][\/et_pb_row][et_pb_row disabled_on=\u00bboff|off|off\u00bb module_class=\u00bbpersonal\u00bb _builder_version=\u00bb4.18.0&#8243; _module_preset=\u00bbdefault\u00bb width_tablet=\u00bbauto\u00bb width_phone=\u00bb100%\u00bb width_last_edited=\u00bbon|phone\u00bb module_alignment=\u00bbcenter\u00bb custom_padding=\u00bb0px||0px||true|false\u00bb global_colors_info=\u00bb{}\u00bb][et_pb_column type=\u00bb4_4&#8243; _builder_version=\u00bb4.17.6&#8243; _module_preset=\u00bbdefault\u00bb global_colors_info=\u00bb{}\u00bb][et_pb_team_member name=\u00bbOliver\u00bb position=\u00bbCEO\u00bb image_url=\u00bbhttps:\/\/corestfitness.com\/media\/Oliver.jpg\u00bb admin_label=\u00bbOliver Viera &#8211; CEO\u00bb _builder_version=\u00bb4.22.0&#8243; _module_preset=\u00bbdefault\u00bb header_font=\u00bb|700|||||||\u00bb header_text_align=\u00bbcenter\u00bb header_text_color=\u00bb#814840&#8243; header_font_size=\u00bb24px\u00bb position_text_align=\u00bbcenter\u00bb position_text_color=\u00bb#1B1A17&#8243; position_font_size=\u00bb16px\u00bb global_colors_info=\u00bb{}\u00bb][\/et_pb_team_member][et_pb_team_member name=\u00bbAruma\u00bb position=\u00bbDirectora\u00bb image_url=\u00bbhttps:\/\/corestfitness.com\/media\/Aruma.jpg\u00bb admin_label=\u00bbAruma &#8211; Directora\u00bb _builder_version=\u00bb4.22.0&#8243; _module_preset=\u00bbdefault\u00bb header_font=\u00bb|700|||||||\u00bb header_text_align=\u00bbcenter\u00bb header_text_color=\u00bb#814840&#8243; header_font_size=\u00bb24px\u00bb position_text_align=\u00bbcenter\u00bb position_text_color=\u00bb#1B1A17&#8243; position_font_size=\u00bb16px\u00bb global_colors_info=\u00bb{}\u00bb][\/et_pb_team_member][et_pb_team_member name=\u00bbLuis\u00bb position=\u00bbEntrenador\u00bb image_url=\u00bbhttps:\/\/corestfitness.com\/media\/Luis-A.-Cuerda.jpg\u00bb admin_label=\u00bbLuis A. Cuerda &#8211; entrenador\u00bb _builder_version=\u00bb4.22.0&#8243; _module_preset=\u00bbdefault\u00bb header_font=\u00bb|700|||||||\u00bb header_text_align=\u00bbcenter\u00bb header_text_color=\u00bb#814840&#8243; header_font_size=\u00bb24px\u00bb position_text_align=\u00bbcenter\u00bb position_text_color=\u00bb#1B1A17&#8243; position_font_size=\u00bb16px\u00bb global_colors_info=\u00bb{}\u00bb][\/et_pb_team_member][et_pb_team_member name=\u00bbDorottya Szabo\u00bb position=\u00bbAtenci\u00f3n al cliente &#038; Administraci\u00f3n\u00bb image_url=\u00bbhttps:\/\/corestfitness.com\/media\/Dorottya-Szabo.jpg\u00bb disabled_on=\u00bbon|on|on\u00bb admin_label=\u00bbreception\u00bb _builder_version=\u00bb4.22.0&#8243; _module_preset=\u00bbdefault\u00bb header_font=\u00bb|700|||||||\u00bb header_text_align=\u00bbcenter\u00bb header_text_color=\u00bb#814840&#8243; header_font_size=\u00bb24px\u00bb position_text_align=\u00bbcenter\u00bb position_text_color=\u00bb#1B1A17&#8243; position_font_size=\u00bb16px\u00bb disabled=\u00bbon\u00bb global_colors_info=\u00bb{}\u00bb][\/et_pb_team_member][et_pb_team_member name=\u00bbSergio Castro\u00bb position=\u00bbAtenci\u00f3n al cliente\u00bb image_url=\u00bbhttps:\/\/corestfitness.com\/media\/Sergio-Castro.jpg\u00bb disabled_on=\u00bbon|on|on\u00bb admin_label=\u00bbreception\u00bb _builder_version=\u00bb4.22.0&#8243; _module_preset=\u00bbdefault\u00bb header_font=\u00bb|700|||||||\u00bb header_text_align=\u00bbcenter\u00bb header_text_color=\u00bb#814840&#8243; header_font_size=\u00bb24px\u00bb position_text_align=\u00bbcenter\u00bb position_text_color=\u00bb#1B1A17&#8243; position_font_size=\u00bb16px\u00bb disabled=\u00bbon\u00bb global_colors_info=\u00bb{}\u00bb][\/et_pb_team_member][et_pb_team_member name=\u00bbCaridad Gonz\u00e1lez\u00bb position=\u00bbAdjunta Responsable T\u00e9cnica\u00bb image_url=\u00bbhttps:\/\/corestfitness.com\/media\/Caridad-Gonzalez-1.jpg\u00bb disabled_on=\u00bbon|on|on\u00bb admin_label=\u00bbentrenador\u00bb _builder_version=\u00bb4.22.0&#8243; _module_preset=\u00bbdefault\u00bb header_font=\u00bb|700|||||||\u00bb header_text_align=\u00bbcenter\u00bb header_text_color=\u00bb#814840&#8243; header_font_size=\u00bb24px\u00bb position_text_align=\u00bbcenter\u00bb position_text_color=\u00bb#1B1A17&#8243; position_font_size=\u00bb16px\u00bb disabled=\u00bbon\u00bb global_colors_info=\u00bb{}\u00bb][\/et_pb_team_member][et_pb_team_member name=\u00bbErnesto A. Garc\u00eda\u00bb position=\u00bbM\u00e9dico\u00bb image_url=\u00bbhttps:\/\/corestfitness.com\/media\/Ernesto-A.-Garcia.jpg\u00bb disabled_on=\u00bbon|on|on\u00bb admin_label=\u00bbmedico\u00bb _builder_version=\u00bb4.22.0&#8243; _module_preset=\u00bbdefault\u00bb header_font=\u00bb|700|||||||\u00bb header_text_align=\u00bbcenter\u00bb header_text_color=\u00bb#814840&#8243; header_font_size=\u00bb24px\u00bb position_text_align=\u00bbcenter\u00bb position_text_color=\u00bb#1B1A17&#8243; position_font_size=\u00bb16px\u00bb disabled=\u00bbon\u00bb global_colors_info=\u00bb{}\u00bb][\/et_pb_team_member][et_pb_team_member name=\u00bbMariantonietta        Martino\u00bb position=\u00bbRRHH, Talento y Training\u00bb image_url=\u00bbhttps:\/\/corestfitness.com\/media\/Mariantonietta-Martino.jpg\u00bb disabled_on=\u00bbon|on|on\u00bb admin_label=\u00bbrrhh\u00bb _builder_version=\u00bb4.22.0&#8243; _module_preset=\u00bbdefault\u00bb header_font=\u00bb|700|||||||\u00bb header_text_align=\u00bbcenter\u00bb header_text_color=\u00bb#814840&#8243; header_font_size=\u00bb24px\u00bb position_text_align=\u00bbcenter\u00bb position_text_color=\u00bb#1B1A17&#8243; position_font_size=\u00bb16px\u00bb disabled=\u00bbon\u00bb global_colors_info=\u00bb{}\u00bb][\/et_pb_team_member][et_pb_team_member name=\u00bbArmando Finales\u00bb position=\u00bbResponsable T\u00e9cnico\u00bb image_url=\u00bbhttps:\/\/corestfitness.com\/media\/Armando-Finales-red.jpg\u00bb disabled_on=\u00bbon|on|on\u00bb admin_label=\u00bbdirector\u00bb _builder_version=\u00bb4.22.0&#8243; _module_preset=\u00bbdefault\u00bb header_font=\u00bb|700|||||||\u00bb header_text_align=\u00bbcenter\u00bb header_text_color=\u00bb#814840&#8243; header_font_size=\u00bb24px\u00bb position_text_align=\u00bbcenter\u00bb position_text_color=\u00bb#1B1A17&#8243; position_font_size=\u00bb16px\u00bb disabled=\u00bbon\u00bb global_colors_info=\u00bb{}\u00bb][\/et_pb_team_member][et_pb_team_member name=\u00bbObel Casta\u00f1eda\u00bb position=\u00bbCEO\u00bb image_url=\u00bbhttps:\/\/corestfitness.com\/media\/obel-castaneda-1.jpg\u00bb disabled_on=\u00bbon|on|on\u00bb admin_label=\u00bbceo\u00bb _builder_version=\u00bb4.22.0&#8243; _module_preset=\u00bbdefault\u00bb header_font=\u00bb|700|||||||\u00bb header_text_align=\u00bbcenter\u00bb header_text_color=\u00bb#814840&#8243; header_font_size=\u00bb24px\u00bb position_text_align=\u00bbcenter\u00bb position_text_color=\u00bb#1B1A17&#8243; position_font_size=\u00bb16px\u00bb custom_padding=\u00bb||2.75%||false|false\u00bb disabled=\u00bbon\u00bb global_colors_info=\u00bb{}\u00bb][\/et_pb_team_member][\/et_pb_column][\/et_pb_row][\/et_pb_section]<\/p>\n","protected":false},"excerpt":{"rendered":"<p>Gracias al gran equipo que forma Corest Fitness todos los servicios que ofrecemos constan de una base s\u00f3lida y profesional, apoyada en una larga experiencia. Nuestro equipo de expertos en entrenamiento y tecnificaci\u00f3n, nutrici\u00f3n, fisioterapia y servicios m\u00e9dicos, altamente preparados, estar\u00e1 a tu lado en cada paso del camino hacia tu objetivo, ayud\u00e1ndote a conseguirlo [&hellip;]<\/p>\n","protected":false},"author":1,"featured_media":0,"parent":0,"menu_order":0,"comment_status":"closed","ping_status":"closed","template":"","meta":{"_et_pb_use_builder":"on","_et_pb_old_content":"<!-- wp:divi\/placeholder \/-->","_et_gb_content_width":"","footnotes":""},"_links":{"self":[{"href":"https:\/\/corestfitness.com\/es\/wp-json\/wp\/v2\/pages\/163"}],"collection":[{"href":"https:\/\/corestfitness.com\/es\/wp-json\/wp\/v2\/pages"}],"about":[{"href":"https:\/\/corestfitness.com\/es\/wp-json\/wp\/v2\/types\/page"}],"author":[{"embeddable":true,"href":"https:\/\/corestfitness.com\/es\/wp-json\/wp\/v2\/users\/1"}],"replies":[{"embeddable":true,"href":"https:\/\/corestfitness.com\/es\/wp-json\/wp\/v2\/comments?post=163"}],"version-history":[{"count":96,"href":"https:\/\/corestfitness.com\/es\/wp-json\/wp\/v2\/pages\/163\/revisions"}],"predecessor-version":[{"id":5960,"href":"https:\/\/corestfitness.com\/es\/wp-json\/wp\/v2\/pages\/163\/revisions\/5960"}],"wp:attachment":[{"href":"https:\/\/corestfitness.com\/es\/wp-json\/wp\/v2\/media?parent=163"}],"curies":[{"name":"wp","href":"https:\/\/api.w.org\/{rel}","templated":true}]}}