{"id":3,"date":"2022-07-29T21:45:14","date_gmt":"2022-07-29T21:45:14","guid":{"rendered":"https:\/\/corestfitness.com\/?page_id=3"},"modified":"2022-09-12T11:04:22","modified_gmt":"2022-09-12T11:04:22","slug":"aviso-legal","status":"publish","type":"page","link":"https:\/\/corestfitness.com\/es\/aviso-legal\/","title":{"rendered":"Aviso Legal"},"content":{"rendered":"[et_pb_section fb_built=\u00bb1&#8243; theme_builder_area=\u00bbpost_content\u00bb _builder_version=\u00bb4.18.0&#8243; _module_preset=\u00bbdefault\u00bb background_color=\u00bb#1B1A17&#8243; hover_enabled=\u00bb0&#8243; sticky_enabled=\u00bb0&#8243; custom_padding=\u00bb||||true|false\u00bb][et_pb_row _builder_version=\u00bb4.18.0&#8243; _module_preset=\u00bbdefault\u00bb theme_builder_area=\u00bbpost_content\u00bb custom_padding=\u00bb150px||0px||false|false\u00bb hover_enabled=\u00bb0&#8243; sticky_enabled=\u00bb0&#8243;][et_pb_column _builder_version=\u00bb4.18.0&#8243; _module_preset=\u00bbdefault\u00bb type=\u00bb4_4&#8243; theme_builder_area=\u00bbpost_content\u00bb][et_pb_text _builder_version=\u00bb4.18.0&#8243; _module_preset=\u00bbdefault\u00bb theme_builder_area=\u00bbpost_content\u00bb admin_label=\u00bbtitle\u00bb hover_enabled=\u00bb0&#8243; sticky_enabled=\u00bb0&#8243; header_2_text_color=\u00bb#F0E3CA\u00bb]<h2><strong>Aviso Legal<\/strong><\/h2>[\/et_pb_text][\/et_pb_column][\/et_pb_row][\/et_pb_section][et_pb_section fb_built=\u00bb1&#8243; admin_label=\u00bbsection\u00bb _builder_version=\u00bb4.18.0&#8243; hover_enabled=\u00bb0&#8243; global_colors_info=\u00bb{}\u00bb custom_padding=\u00bb0px||0px||true|false\u00bb sticky_enabled=\u00bb0&#8243;][et_pb_row admin_label=\u00bbrow\u00bb _builder_version=\u00bb4.16&#8243; background_size=\u00bbinitial\u00bb background_position=\u00bbtop_left\u00bb background_repeat=\u00bbrepeat\u00bb global_colors_info=\u00bb{}\u00bb][et_pb_column type=\u00bb4_4&#8243; _builder_version=\u00bb4.16&#8243; custom_padding=\u00bb|||\u00bb global_colors_info=\u00bb{}\u00bb custom_padding__hover=\u00bb|||\u00bb][et_pb_text _builder_version=\u00bb4.18.0&#8243; _module_preset=\u00bbdefault\u00bb hover_enabled=\u00bb0&#8243; sticky_enabled=\u00bb0&#8243;]<p><\/p>\n<h3 class=\"wp-block-heading\">1. <strong>Datos Identificativos<\/strong><\/h3>\n<p> <\/p>\n<p><strong>COREST FITNESS, S.L.<\/strong>, (en adelante, \u201cCOREST FITNESS\u201d), es una entidad con domicilio social en\u00a0<strong>Calle Blas Cabrera Topham, 7 Arrecife, 35500, Lanzarote<\/strong>, con N\u00famero de Identificaci\u00f3n Fiscal <strong>(NIF)\u00a0B06898753<\/strong>, sociedad inscrita en el\u00a0registro mercantil de Arrecife, Lanzarote,\u00a0Tomo: 518 libro: 0 Folio: 95 Secci\u00f3n: 8 Hoja: IL12863 Inscripci\u00f3n: 1.<\/p>\n<p> <\/p>\n<p>Para m\u00e1s informaci\u00f3n sobre COREST FITNESS, visite\u00a0www.corestfitness.com<\/p>\n<p> <\/p>\n<h3 class=\"wp-block-heading\">2. \u00c1mbito de aplicaci\u00f3n<\/h3>\n<p> <\/p>\n<p>2.1 \u00a0El presente Aviso Legal tienen por objeto regular el acceso, navegaci\u00f3n y uso de los contenidos ofrecidos por COREST FITNESS a trav\u00e9s de la p\u00e1gina web de COREST FITNESS (el \u201cPortal\u201d). No obstante, COREST FITNESS se reserva el derecho a establecer condiciones particulares que pudieran regular el uso y\/o contrataci\u00f3n de servicios espec\u00edficos ofrecidos a los usuarios a trav\u00e9s del Portal. En este sentido, se entender\u00e1 por \u201cUsuario\u201d a la persona que acceda o navegue a trav\u00e9s del Portal.<\/p>\n<p> <\/p>\n<p>2.2 \u00a0Se entender\u00e1 que el acceso o la mera utilizaci\u00f3n del Portal por parte del Usuario implica la adhesi\u00f3n de \u00e9ste a las condiciones generales incluidas en el Aviso Legal que est\u00e9 publicado en el Portal. En consecuencia, se recomienda al Usuario que lea atentamente las condiciones generales aplicables en cada momento.<\/p>\n<p> <\/p>\n<p>2.3 \u00a0COREST FITNESS se reserva el derecho a modificar el presente Aviso Legal, total o parcialmente.<\/p>\n<p> <\/p>\n<h3 class=\"wp-block-heading\">3. Derechos de propiedad intelectual e industrial<\/h3>\n<p> <\/p>\n<p>3.1 \u00a0Tanto el dise\u00f1o del Portal incluyendo, sin limitaci\u00f3n, los textos, c\u00f3digos fuente, im\u00e1genes, signos distintivos, dise\u00f1os, programas, aplicaciones, marcas y logotipos, son propiedad de COREST FITNESS o, en su caso, de los terceros con los que se hubieran suscrito los correspondientes contratos de licencia y est\u00e1n protegidos por derechos de propiedad intelectual e industrial.<\/p>\n<p> <\/p>\n<p>3.2 \u00a0La informaci\u00f3n disponible en este Portal, salvo indicaci\u00f3n expresa en contrario, es susceptible de reutilizaci\u00f3n; quedando autorizada su reproducci\u00f3n total o parcial, modificaci\u00f3n, distribuci\u00f3n y comunicaci\u00f3n, para usos comerciales y no comerciales, con sujeci\u00f3n a las siguientes condiciones:<\/p>\n<p> <\/p>\n<ul>\n<li>Queda prohibida, en cualquier circunstancia, la desnaturalizaci\u00f3n del contenido de la informaci\u00f3n.<\/li>\n<li>El Usuario queda obligado a citar la fuente de los documentos objeto de la reutilizaci\u00f3n.<\/li>\n<li>El Usuario queda obligado a mencionar la fecha de la \u00faltima actualizaci\u00f3n de los documentos objeto de la reutilizaci\u00f3n.<\/li>\n<\/ul>\n<p> <\/p>\n<p>3.3 \u00a0COREST FITNESS\u00a0declara su respeto a los derechos de propiedad intelectual e industrial de terceros; por ello, si considera que este sitio pudiera estar violando sus derechos, rogamos se ponga en contacto con COREST FITNESS.<\/p>\n<p> <\/p>\n<p>3.4 \u00a0En relaci\u00f3n con las denominaciones, marcas o nombres comerciales, registrados o no, as\u00ed como cualesquiera contenidos del Portal, se proh\u00edbe expresamente su reproducci\u00f3n y, en general, cualquier forma de explotaci\u00f3n de los mismos sin el consentimiento previo de COREST FITNESS, salvo en los supuestos mencionados en la cl\u00e1usula 3.2 anterior.<\/p>\n<p> <\/p>\n<h3 class=\"wp-block-heading\">4. Enlaces a otros sitios web<\/h3>\n<p> <\/p>\n<p>4.1 \u00a0El Portal incluye enlaces (llamados hiperv\u00ednculos, links o banners) que se conectan a sitios web pertenecientes y\/o gestionados por terceros. Estos sitios son propiedad exclusiva de terceros, el establecimiento del hiperv\u00ednculo no implica una relaci\u00f3n entre COREST FITNESS y el propietario del sitio web, ni la aceptaci\u00f3n sus contenidos o servicios.<\/p>\n<p> <\/p>\n<p>4.2 \u00a0COREST FITNESS\u00a0se limita a facilitar la posibilidad de acceder a dichos sitios, por lo que cualquier miembro del grupo, empleado o agente est\u00e1 exento de toda responsabilidad en estos sitios o de cualquier informaci\u00f3n contenida en el mismo, ya que ninguno de los sitios han sido inspeccionados por COREST FITNESS, los miembros del grupo, empleados o agentes.<\/p>\n<p> <\/p>\n<p>4.3 Dichos links no suponen una sugerencia, invitaci\u00f3n o recomendaci\u00f3n para la visita de los lugares de destino, y por ello, COREST FITNESS no ser\u00e1 responsable del resultado obtenido a trav\u00e9s de dichos enlaces de hipertexto, ni garantiza la legalidad, exactitud, correcci\u00f3n o moralidad de contenidos o servicios que los mismo puedan ofrecer.<\/p>\n<p> <\/p>\n<h3 class=\"wp-block-heading\">5. Protecci\u00f3n de Datos<\/h3>\n<p> <\/p>\n<p>5.1 \u00a0Toda informaci\u00f3n que, en su caso, sea enviada a COREST FITNESS a trav\u00e9s de los formularios o dispositivos de recogida de datos accesibles en el Portal, lo que incluye, la direcci\u00f3n de correo electr\u00f3nico indicada en la cl\u00e1usula 1 del presente Aviso Legal, ser\u00e1 tratada con car\u00e1cter confidencial y, en la medida en que implique un tratamiento de datos de car\u00e1cter personal, este tratamiento se llevar\u00e1 a cabo conforme a lo establecido en la normativa vigente en materia de protecci\u00f3n de datos, especialmente en las disposiciones contenidas en la Ley Org\u00e1nica 15\/1999, de 13 de diciembre, de Protecci\u00f3n de Datos de Car\u00e1cter Personal (\u201cLOPD\u201d) y en el Reglamento que la desarrolla. COREST FITNESS tratar\u00e1 los datos personales con la finalidad de gestionar las consultas planteadas por los Usuarios a COREST FITNESS.<\/p>\n<p> <\/p>\n<p>5.2 \u00a0En todo caso, los titulares de los datos personales podr\u00e1n ejercitar sus derechos de acceso, rectificaci\u00f3n, cancelaci\u00f3n y oposici\u00f3n, mediante correo electr\u00f3nico dirigido a info@corestfitness.com o en la siguiente direcci\u00f3n: COREST FITNESS, S.L.,\u00a0Calle Blas Cabrera Topham, 7 Arrecife, 35500, Lanzarote\u00a0\u2013 \u201cReferencia Protecci\u00f3n de Datos\u201d.<\/p>\n<p> <\/p>\n<h3 class=\"wp-block-heading\">6. Responsabilidad y uso de contenidos<\/h3>\n<p> <\/p>\n<p>6.1 \u00a0La informaci\u00f3n que se difunde por este medio se hace \u00fanicamente a t\u00edtulo informativo, reserv\u00e1ndose COREST FITNESS el derecho de eliminar o suspender su difusi\u00f3n, total o parcialmente, y de modificar la estructura y contenido de este Portal sin aviso previo, pudiendo incluso limitar o no permitir el acceso a dicha informaci\u00f3n. El prop\u00f3sito de COREST FITNESS es mantener la calidad y actualizaci\u00f3n de esta informaci\u00f3n y evitar y minimizar posibles errores causados por fallos t\u00e9cnicos. Sin embargo, no garantiza que este servicio no sea interrumpido o afectado por esos fallos.<\/p>\n<p> <\/p>\n<p>6.2 \u00a0El Usuario se compromete a utilizar el Portal y sus contenidos de conformidad con la ley, el presente Aviso legal, las buenas costumbres y el orden p\u00fablico. Del mismo modo, el Usuario se obliga a no utilizar el Portal con fines o efectos il\u00edcitos o contrarios al contenido del presente Aviso legal, lesivos de los intereses o derechos de terceros, o que de cualquier forma pueda da\u00f1ar, inutilizar o deteriorar el Portal o cualquiera de sus contenidos, o impedir un normal disfrute del Portal por otros Usuarios.<\/p>\n<p> <\/p>\n<p>6.3 \u00a0Asimismo, el Usuario se compromete expresamente a no destruir, alterar, inutilizar o, de cualquier otra forma, da\u00f1ar los datos, programas o documentos electr\u00f3nicos y dem\u00e1s que se encuentren en el presente Portal. El Usuario se compromete a no obstaculizar el acceso de otros Usuarios al servicio de acceso mediante el consumo masivo de los recursos inform\u00e1ticos a trav\u00e9s de los cuales el titular del web presta el servicio, as\u00ed como realizar acciones que da\u00f1en, interrumpan o generen errores en dichos sistemas.<\/p>\n<p> <\/p>\n<p>6.4 \u00a0El Usuario se compromete a no introducir programas, virus o cualquier otro dispositivo l\u00f3gico o secuencia de caracteres que causen o sean susceptibles de causar cualquier tipo de alteraci\u00f3n en los sistemas inform\u00e1ticos del titular del web o de terceros.<\/p>\n<p> <\/p>\n<p>6.5 \u00a0El acceso de los Usuarios al Portal no implica obligaci\u00f3n alguna por parte de COREST FITNESS de controlar la ausencia de virus o elementos inform\u00e1ticos que puedan tener alg\u00fan efecto da\u00f1ino en el equipo inform\u00e1tico del Usuario. En todo caso, corresponder\u00e1 al Usuario disponer de las herramientas necesarias para detectar dichos virus o elementos inform\u00e1ticos de car\u00e1cter da\u00f1ino, por lo que COREST FITNESS no responder\u00e1 de los posibles da\u00f1os ocasionados en los equipos inform\u00e1ticos de los Usuarios o de terceros durante la navegaci\u00f3n de los mismos a trav\u00e9s del Portal.<\/p>\n<p> <\/p>\n<h3 class=\"wp-block-heading\">7. Jurisdicci\u00f3n<\/h3>\n<p> <\/p>\n<p>El presente Aviso Legal se rige en todos y cada uno de sus extremos por la ley espa\u00f1ola. Este Aviso Legal no se archivar\u00e1 individualmente para cada Usuario sino que permanecer\u00e1 accesible por medio de Internet en este mismo Portal. Asimismo, sin perjuicio de las normas de competencia territorial de car\u00e1cter imperativo que pudieran resultar aplicables, para la interpretaci\u00f3n o ejecuci\u00f3n de las disposiciones contenidas en el presente Aviso Legal, COREST FITNESS y el Usuario se someten a los <strong>Juzgados y Tribunales de la ciudad de Lanzarote<\/strong>, con renuncia expresa al fuero que pudiera corresponderles en caso de que fuera otro.<\/p>\n<p><\/p>[\/et_pb_text][\/et_pb_column][\/et_pb_row][\/et_pb_section]","protected":false},"excerpt":{"rendered":"<p>Aviso Legal 1. Datos Identificativos COREST FITNESS, S.L., (en adelante, \u201cCOREST FITNESS\u201d), es una entidad con domicilio social en\u00a0Calle Blas Cabrera Topham, 7 Arrecife, 35500, Lanzarote, con N\u00famero de Identificaci\u00f3n Fiscal (NIF)\u00a0B06898753, sociedad inscrita en el\u00a0registro mercantil de Arrecife, Lanzarote,\u00a0Tomo: 518 libro: 0 Folio: 95 Secci\u00f3n: 8 Hoja: IL12863 Inscripci\u00f3n: 1. Para m\u00e1s informaci\u00f3n sobre [&hellip;]<\/p>\n","protected":false},"author":1,"featured_media":0,"parent":0,"menu_order":0,"comment_status":"closed","ping_status":"open","template":"","meta":{"_et_pb_use_builder":"on","_et_pb_old_content":"<!-- wp:heading -->\n<h2>1. <strong>Datos Identificativos<\/strong><\/h2>\n<!-- \/wp:heading -->\n\n<!-- wp:paragraph -->\n<p><strong>COREST FITNESS, S.L.<\/strong>, (en adelante, \u201cCOREST FITNESS\u201d), es una entidad con domicilio social en\u00a0<strong>Calle Blas Cabrera Topham, 7 Arrecife, 35500, Lanzarote<\/strong>, con N\u00famero de Identificaci\u00f3n Fiscal <strong>(NIF)\u00a0B06898753<\/strong>, sociedad inscrita en el\u00a0registro mercantil de Arrecife, Lanzarote,\u00a0Tomo: 518 libro: 0 Folio: 95 Secci\u00f3n: 8 Hoja: IL12863 Inscripci\u00f3n: 1.\u00a0<\/p>\n<!-- \/wp:paragraph -->\n\n<!-- wp:paragraph -->\n<p>Para m\u00e1s informaci\u00f3n sobre COREST FITNESS, visite\u00a0www.corestfitness.com<\/p>\n<!-- \/wp:paragraph -->\n\n<!-- wp:heading -->\n<h2>2. \u00c1mbito de aplicaci\u00f3n<\/h2>\n<!-- \/wp:heading -->\n\n<!-- wp:paragraph -->\n<p>2.1 &nbsp;El presente Aviso Legal tienen por objeto regular el acceso, navegaci\u00f3n y uso de los contenidos ofrecidos por COREST FITNESS a trav\u00e9s de la p\u00e1gina web de COREST FITNESS (el \u201cPortal\u201d). No obstante, COREST FITNESS se reserva el derecho a establecer condiciones particulares que pudieran regular el uso y\/o contrataci\u00f3n de servicios espec\u00edficos ofrecidos a los usuarios a trav\u00e9s del Portal. En este sentido, se entender\u00e1 por \u201cUsuario\u201d a la persona que acceda o navegue a trav\u00e9s del Portal.<\/p>\n<!-- \/wp:paragraph -->\n\n<!-- wp:paragraph -->\n<p>2.2 &nbsp;Se entender\u00e1 que el acceso o la mera utilizaci\u00f3n del Portal por parte del Usuario implica la adhesi\u00f3n de \u00e9ste a las condiciones generales incluidas en el Aviso Legal que est\u00e9 publicado en el Portal. En consecuencia, se recomienda al Usuario que lea atentamente las condiciones generales aplicables en cada momento.<\/p>\n<!-- \/wp:paragraph -->\n\n<!-- wp:paragraph -->\n<p>2.3 &nbsp;COREST FITNESS se reserva el derecho a modificar el presente Aviso Legal, total o parcialmente.<\/p>\n<!-- \/wp:paragraph -->\n\n<!-- wp:heading -->\n<h2>3. Derechos de propiedad intelectual e industrial<\/h2>\n<!-- \/wp:heading -->\n\n<!-- wp:paragraph -->\n<p>3.1 &nbsp;Tanto el dise\u00f1o del Portal incluyendo, sin limitaci\u00f3n, los textos, c\u00f3digos fuente, im\u00e1genes, signos distintivos, dise\u00f1os, programas, aplicaciones, marcas y logotipos, son propiedad de COREST FITNESS o, en su caso, de los terceros con los que se hubieran suscrito los correspondientes contratos de licencia y est\u00e1n protegidos por derechos de propiedad intelectual e industrial.<\/p>\n<!-- \/wp:paragraph -->\n\n<!-- wp:paragraph -->\n<p>3.2 &nbsp;La informaci\u00f3n disponible en este Portal, salvo indicaci\u00f3n expresa en contrario, es susceptible de reutilizaci\u00f3n; quedando autorizada su reproducci\u00f3n total o parcial, modificaci\u00f3n, distribuci\u00f3n y comunicaci\u00f3n, para usos comerciales y no comerciales, con sujeci\u00f3n a las siguientes condiciones:<\/p>\n<!-- \/wp:paragraph -->\n\n<!-- wp:list -->\n<ul><li>Queda prohibida, en cualquier circunstancia, la desnaturalizaci\u00f3n del contenido de la informaci\u00f3n.<\/li><li>El Usuario queda obligado a citar la fuente de los documentos objeto de la reutilizaci\u00f3n.<\/li><li>El Usuario queda obligado a mencionar la fecha de la \u00faltima actualizaci\u00f3n de los documentos objeto de la reutilizaci\u00f3n.<\/li><\/ul>\n<!-- \/wp:list -->\n\n<!-- wp:paragraph -->\n<p>3.3 \u00a0COREST FITNESS\u00a0declara su respeto a los derechos de propiedad intelectual e industrial de terceros; por ello, si considera que este sitio pudiera estar violando sus derechos, rogamos se ponga en contacto con COREST FITNESS.<\/p>\n<!-- \/wp:paragraph -->\n\n<!-- wp:paragraph -->\n<p>3.4 \u00a0En relaci\u00f3n con las denominaciones, marcas o nombres comerciales, registrados o no, as\u00ed como cualesquiera contenidos del Portal, se proh\u00edbe expresamente su reproducci\u00f3n y, en general, cualquier forma de explotaci\u00f3n de los mismos sin el consentimiento previo de COREST FITNESS, salvo en los supuestos mencionados en la cl\u00e1usula 3.2 anterior.<\/p>\n<!-- \/wp:paragraph -->\n\n<!-- wp:heading -->\n<h2>4. Enlaces a otros sitios web<\/h2>\n<!-- \/wp:heading -->\n\n<!-- wp:paragraph -->\n<p>4.1 &nbsp;El Portal incluye enlaces (llamados hiperv\u00ednculos, links o banners) que se conectan a sitios web pertenecientes y\/o gestionados por terceros. Estos sitios son propiedad exclusiva de terceros, el establecimiento del hiperv\u00ednculo no implica una relaci\u00f3n entre COREST FITNESS y el propietario del sitio web, ni la aceptaci\u00f3n sus contenidos o servicios.<\/p>\n<!-- \/wp:paragraph -->\n\n<!-- wp:paragraph -->\n<p>4.2 \u00a0COREST FITNESS\u00a0se limita a facilitar la posibilidad de acceder a dichos sitios, por lo que cualquier miembro del grupo, empleado o agente est\u00e1 exento de toda responsabilidad en estos sitios o de cualquier informaci\u00f3n contenida en el mismo, ya que ninguno de los sitios han sido inspeccionados por COREST FITNESS, los miembros del grupo, empleados o agentes.<\/p>\n<!-- \/wp:paragraph -->\n\n<!-- wp:paragraph -->\n<p>4.3 Dichos links no suponen una sugerencia, invitaci\u00f3n o recomendaci\u00f3n para la visita de los lugares de destino, y por ello, COREST FITNESS no ser\u00e1 responsable del resultado obtenido a trav\u00e9s de dichos enlaces de hipertexto, ni garantiza la legalidad, exactitud, correcci\u00f3n o moralidad de contenidos o servicios que los mismo puedan ofrecer.<\/p>\n<!-- \/wp:paragraph -->\n\n<!-- wp:heading -->\n<h2>5. Protecci\u00f3n de Datos<\/h2>\n<!-- \/wp:heading -->\n\n<!-- wp:paragraph -->\n<p>5.1 &nbsp;Toda informaci\u00f3n que, en su caso, sea enviada a COREST FITNESS a trav\u00e9s de los formularios o dispositivos de recogida de datos accesibles en el Portal, lo que incluye, la direcci\u00f3n de correo electr\u00f3nico indicada en la cl\u00e1usula 1 del presente Aviso Legal, ser\u00e1 tratada con car\u00e1cter confidencial y, en la medida en que implique un tratamiento de datos de car\u00e1cter personal, este tratamiento se llevar\u00e1 a cabo conforme a lo establecido en la normativa vigente en materia de protecci\u00f3n de datos, especialmente en las disposiciones contenidas en la Ley Org\u00e1nica 15\/1999, de 13 de diciembre, de Protecci\u00f3n de Datos de Car\u00e1cter Personal (\u201cLOPD\u201d) y en el Reglamento que la desarrolla. COREST FITNESS tratar\u00e1 los datos personales con la finalidad de gestionar las consultas planteadas por los Usuarios a COREST FITNESS.<\/p>\n<!-- \/wp:paragraph -->\n\n<!-- wp:paragraph -->\n<p>5.2 &nbsp;En todo caso, los titulares de los datos personales podr\u00e1n ejercitar sus derechos de acceso, rectificaci\u00f3n, cancelaci\u00f3n y oposici\u00f3n, mediante correo electr\u00f3nico dirigido a info@corestfitness.com o en la siguiente direcci\u00f3n: COREST FITNESS, S.L.,&nbsp;Calle Blas Cabrera Topham, 7 Arrecife, 35500, Lanzarote&nbsp;\u2013 \u201cReferencia Protecci\u00f3n de Datos\u201d.<\/p>\n<!-- \/wp:paragraph -->\n\n<!-- wp:heading -->\n<h2>6. Responsabilidad y uso de contenidos<\/h2>\n<!-- \/wp:heading -->\n\n<!-- wp:paragraph -->\n<p>6.1 &nbsp;La informaci\u00f3n que se difunde por este medio se hace \u00fanicamente a t\u00edtulo informativo, reserv\u00e1ndose COREST FITNESS el derecho de eliminar o suspender su difusi\u00f3n, total o parcialmente, y de modificar la estructura y contenido de este Portal sin aviso previo, pudiendo incluso limitar o no permitir el acceso a dicha informaci\u00f3n. El prop\u00f3sito de COREST FITNESS es mantener la calidad y actualizaci\u00f3n de esta informaci\u00f3n y evitar y minimizar posibles errores causados por fallos t\u00e9cnicos. Sin embargo, no garantiza que este servicio no sea interrumpido o afectado por esos fallos.<\/p>\n<!-- \/wp:paragraph -->\n\n<!-- wp:paragraph -->\n<p>6.2 &nbsp;El Usuario se compromete a utilizar el Portal y sus contenidos de conformidad con la ley, el presente Aviso legal, las buenas costumbres y el orden p\u00fablico. Del mismo modo, el Usuario se obliga a no utilizar el Portal con fines o efectos il\u00edcitos o contrarios al contenido del presente Aviso legal, lesivos de los intereses o derechos de terceros, o que de cualquier forma pueda da\u00f1ar, inutilizar o deteriorar el Portal o cualquiera de sus contenidos, o impedir un normal disfrute del Portal por otros Usuarios.<\/p>\n<!-- \/wp:paragraph -->\n\n<!-- wp:paragraph -->\n<p>6.3 &nbsp;Asimismo, el Usuario se compromete expresamente a no destruir, alterar, inutilizar o, de cualquier otra forma, da\u00f1ar los datos, programas o documentos electr\u00f3nicos y dem\u00e1s que se encuentren en el presente Portal. El Usuario se compromete a no obstaculizar el acceso de otros Usuarios al servicio de acceso mediante el consumo masivo de los recursos inform\u00e1ticos a trav\u00e9s de los cuales el titular del web presta el servicio, as\u00ed como realizar acciones que da\u00f1en, interrumpan o generen errores en dichos sistemas.<\/p>\n<!-- \/wp:paragraph -->\n\n<!-- wp:paragraph -->\n<p>6.4 &nbsp;El Usuario se compromete a no introducir programas, virus o cualquier otro dispositivo l\u00f3gico o secuencia de caracteres que causen o sean susceptibles de causar cualquier tipo de alteraci\u00f3n en los sistemas inform\u00e1ticos del titular del web o de terceros.<\/p>\n<!-- \/wp:paragraph -->\n\n<!-- wp:paragraph -->\n<p>6.5 &nbsp;El acceso de los Usuarios al Portal no implica obligaci\u00f3n alguna por parte de COREST FITNESS de controlar la ausencia de virus o elementos inform\u00e1ticos que puedan tener alg\u00fan efecto da\u00f1ino en el equipo inform\u00e1tico del Usuario. En todo caso, corresponder\u00e1 al Usuario disponer de las herramientas necesarias para detectar dichos virus o elementos inform\u00e1ticos de car\u00e1cter da\u00f1ino, por lo que COREST FITNESS no responder\u00e1 de los posibles da\u00f1os ocasionados en los equipos inform\u00e1ticos de los Usuarios o de terceros durante la navegaci\u00f3n de los mismos a trav\u00e9s del Portal.<\/p>\n<!-- \/wp:paragraph -->\n\n<!-- wp:heading -->\n<h2>7. Jurisdicci\u00f3n<\/h2>\n<!-- \/wp:heading -->\n\n<!-- wp:paragraph -->\n<p>El presente Aviso Legal se rige en todos y cada uno de sus extremos por la ley espa\u00f1ola. Este Aviso Legal no se archivar\u00e1 individualmente para cada Usuario sino que permanecer\u00e1 accesible por medio de Internet en este mismo Portal. Asimismo, sin perjuicio de las normas de competencia territorial de car\u00e1cter imperativo que pudieran resultar aplicables, para la interpretaci\u00f3n o ejecuci\u00f3n de las disposiciones contenidas en el presente Aviso Legal, COREST FITNESS y el Usuario se someten a los <strong>Juzgados y Tribunales de la ciudad de Lanzarote<\/strong>, con renuncia expresa al fuero que pudiera corresponderles en caso de que fuera otro.<\/p>\n<!-- \/wp:paragraph -->\n\n<!-- wp:heading -->\n<h2><strong>\u00a9 COREST FITNESS, S.L. (2021)<\/strong><\/h2>\n<!-- \/wp:heading -->","_et_gb_content_width":"","footnotes":""},"_links":{"self":[{"href":"https:\/\/corestfitness.com\/es\/wp-json\/wp\/v2\/pages\/3"}],"collection":[{"href":"https:\/\/corestfitness.com\/es\/wp-json\/wp\/v2\/pages"}],"about":[{"href":"https:\/\/corestfitness.com\/es\/wp-json\/wp\/v2\/types\/page"}],"author":[{"embeddable":true,"href":"https:\/\/corestfitness.com\/es\/wp-json\/wp\/v2\/users\/1"}],"replies":[{"embeddable":true,"href":"https:\/\/corestfitness.com\/es\/wp-json\/wp\/v2\/comments?post=3"}],"version-history":[{"count":8,"href":"https:\/\/corestfitness.com\/es\/wp-json\/wp\/v2\/pages\/3\/revisions"}],"predecessor-version":[{"id":3591,"href":"https:\/\/corestfitness.com\/es\/wp-json\/wp\/v2\/pages\/3\/revisions\/3591"}],"wp:attachment":[{"href":"https:\/\/corestfitness.com\/es\/wp-json\/wp\/v2\/media?parent=3"}],"curies":[{"name":"wp","href":"https:\/\/api.w.org\/{rel}","templated":true}]}}